{"id":80,"date":"2025-11-10T19:13:11","date_gmt":"2025-11-10T18:13:11","guid":{"rendered":"https:\/\/algo-conference.org\/2026\/?page_id=80"},"modified":"2026-03-02T13:38:17","modified_gmt":"2026-03-02T12:38:17","slug":"ipec","status":"publish","type":"page","link":"https:\/\/algo-conference.org\/2026\/ipec\/","title":{"rendered":"IPEC 2026"},"content":{"rendered":"\n<h3 class=\"wp-block-heading\">Important Dates<\/h3>\n\n\n\n<p><\/p>\n\n\n\n<ul class=\"wp-block-list\">\n<li>Paper submission deadline: June 29 (23:59 AoE)<\/li>\n\n\n\n<li>Notification: August 2<\/li>\n<\/ul>\n\n\n\n<h3 class=\"wp-block-heading\">Program Committee<\/h3>\n\n\n\n<p>Sayan Bandyapadhyay (Portland State University, USA)<br>Max Bannach (European Space Agency, The Netherlands)<br>Yixin Cao (Hong Kong Polytechnic University, China)<br>Parinya Chalermsook (University of Sheffield, UK)<br>Jan Dreier (TU Wien, Austria)<br>Petr Golovach (University of Bergen, Norway)<br>Carla Groenland (TU Delft, The Netherlands)<br>Tuukka Korhonen (University of Copenhagen, Denmark) <strong>(co-chair)<\/strong><br>Ariel Kulik (Ben-Gurion University, Israel)<br>Michael Lampis (Paris Dauphine University, France) <strong>(co-chair)<\/strong><br>Mathieu Mari (University of Montpellier, France)<br>Marcin Pilipczuk (University of Warsaw, Poland)<br>Lars Rohwedder (University of Southern Denmark)<br>Saket Saurabh (Institute of Mathematical Sciences, India)<br>Roohani Sharma (Institute for Basic Science, South Korea)<br>Kirill Simonov (University of Bergen, Norway)<br>Marek Soko\u0142owski (Max Planck Institute of Informatics, Germany)<br>Vaishali Surianarayanan (UC Santa Cruz, USA)<br>Karol W\u0119grzycki (Max Planck Institute of Informatics, Germany)<br>Micha\u0142 W\u0142odarczyk (University of Warsaw, Poland)<\/p>\n","protected":false},"excerpt":{"rendered":"<p>Important Dates Program Committee Sayan Bandyapadhyay (Portland State University, USA)Max Bannach (European Space Agency, The Netherlands)Yixin Cao (Hong Kong Polytechnic University, China)Parinya Chalermsook (University of Sheffield, UK)Jan Dreier (TU Wien, Austria)Petr Golovach (University of Bergen, Norway)Carla Groenland (TU Delft, The Netherlands)Tuukka Korhonen (University of Copenhagen, Denmark) (co-chair)Ariel Kulik (Ben-Gurion University, Israel)Michael Lampis (Paris Dauphine University, [&hellip;]<\/p>\n","protected":false},"author":2,"featured_media":0,"parent":0,"menu_order":0,"comment_status":"closed","ping_status":"closed","template":"","meta":{"footnotes":""},"class_list":["post-80","page","type-page","status-publish","hentry"],"_links":{"self":[{"href":"https:\/\/algo-conference.org\/2026\/wp-json\/wp\/v2\/pages\/80","targetHints":{"allow":["GET"]}}],"collection":[{"href":"https:\/\/algo-conference.org\/2026\/wp-json\/wp\/v2\/pages"}],"about":[{"href":"https:\/\/algo-conference.org\/2026\/wp-json\/wp\/v2\/types\/page"}],"author":[{"embeddable":true,"href":"https:\/\/algo-conference.org\/2026\/wp-json\/wp\/v2\/users\/2"}],"replies":[{"embeddable":true,"href":"https:\/\/algo-conference.org\/2026\/wp-json\/wp\/v2\/comments?post=80"}],"version-history":[{"count":5,"href":"https:\/\/algo-conference.org\/2026\/wp-json\/wp\/v2\/pages\/80\/revisions"}],"predecessor-version":[{"id":227,"href":"https:\/\/algo-conference.org\/2026\/wp-json\/wp\/v2\/pages\/80\/revisions\/227"}],"wp:attachment":[{"href":"https:\/\/algo-conference.org\/2026\/wp-json\/wp\/v2\/media?parent=80"}],"curies":[{"name":"wp","href":"https:\/\/api.w.org\/{rel}","templated":true}]}}