{"id":17,"date":"2021-07-23T14:56:15","date_gmt":"2021-07-23T12:56:15","guid":{"rendered":"https:\/\/hpi.de\/algo2022\/?page_id=17"},"modified":"2022-09-06T11:28:16","modified_gmt":"2022-09-06T09:28:16","slug":"atmos","status":"publish","type":"page","link":"https:\/\/algo-conference.org\/2022\/atmos\/","title":{"rendered":"ATMOS 2022"},"content":{"rendered":"\n<h2 class=\"wp-block-heading\" id=\"scope\">Scope<\/h2>\n\n\n\n<p>The <a href=\"http:\/\/atmos-symposium.eu\/\">Symposium on Algorithmic Approaches for Transportation Modelling, Optimization, and Systems (ATMOS)<\/a> is an international forum for researchers in the area of algorithms and optimization methods to facilitate planning and operational management of freight and passenger transportation and traffic. It is part of <a href=\"https:\/\/algo2022.eu\">ALGO<\/a>, the major European event for researchers, students and practitioners in algorithms.<\/p>\n\n\n\n<h2 class=\"wp-block-heading\" id=\"speaker\">Invited Speaker<\/h2>\n\n\n\n<div class=\"wp-block-group is-nowrap is-layout-flex wp-container-core-group-is-layout-64989fb1 wp-block-group-is-layout-flex\">\n<div class=\"wp-block-columns are-vertically-aligned-top is-layout-flex wp-container-core-columns-is-layout-9d6595d7 wp-block-columns-is-layout-flex\">\n<div class=\"wp-block-column is-vertically-aligned-top is-layout-flow wp-block-column-is-layout-flow\" style=\"flex-basis:25%\">\n<figure class=\"wp-block-image size-full\"><img loading=\"lazy\" decoding=\"async\" width=\"630\" height=\"962\" src=\"https:\/\/algo2022.eu\/wp-content\/uploads\/2022\/08\/csommer-1.png\" alt=\"Invited Speaker: Christian Sommer\" class=\"wp-image-719\" srcset=\"https:\/\/algo-conference.org\/2022\/wp-content\/uploads\/2022\/08\/csommer-1.png 630w, https:\/\/algo-conference.org\/2022\/wp-content\/uploads\/2022\/08\/csommer-1-196x300.png 196w\" sizes=\"auto, (max-width: 630px) 100vw, 630px\" \/><figcaption>Christian Sommer<br>Apple Inc.<\/figcaption><\/figure>\n<\/div>\n\n\n\n<div class=\"wp-block-column is-vertically-aligned-top is-layout-flow wp-block-column-is-layout-flow\" style=\"flex-basis:75%\">\n<p><strong><a href=\"http:\/\/www.chsommer.com\/\">Christian Sommer<\/a><\/strong>, Apple Inc.<\/p>\n\n\n\n<p><strong>Speaker:<\/strong> Christian Sommer joined Apple in 2012, two weeks after the initial release of Maps. For the last ten years, he\u2018s been working on various aspects of navigation, including route planning, turn-by-turn navigation, traffic, and road incidents. He\u2019s currently leading an engineering team in Apple\u2018s Zurich office. Prior to industry, he was a researcher in algorithms and data structures during a postdoc at MIT, a PhD at the University of Tokyo, and an MSc at ETH Zurich.<\/p>\n\n\n\n<p><strong>Title: <\/strong>On Map Matching GPS Traces<\/p>\n\n\n\n<p><em>Abstract:<\/em> With the widespread availability of receivers for the Global Positioning System (GPS) in modern cars and smartphones came the rise of large databases of GPS traces. These are valuable sources for various applications like map construction, map refinement and correction, traffic estimation, travel time estimation, dynamic routing, and many more.\u00a0As a first step, GPS traces often get mapped to a road network via a non-trivial process called map matching. Given a GPS trace as a sequence of (latitude, longitude) pairs, possibly equipped with time stamps and auxiliary information, a map matching algorithm is expected to return a sequence of road segments (edges in the road network) that the input trace likely traversed. In this talk we review problems and approaches around map matching GPS traces at scale.<\/p>\n<\/div>\n<\/div>\n<\/div>\n\n\n\n<h2 class=\"wp-block-heading\" id=\"dates\">Important Dates<\/h2>\n\n\n\n<ul class=\"wp-block-list\"><li>Paper submission deadline: <s>27 June 2022<\/s> extended to 11 July 2022 (anywhere on earth)<\/li><li>Notification: 1st August 2022<\/li><li>Conference:&nbsp;8-9 September, 2022, in Potsdam (Germany)<\/li><\/ul>\n\n\n\n<h2 class=\"wp-block-heading\" id=\"papers\">Accepted Papers<\/h2>\n\n\n\n<ul class=\"wp-block-list\"><li>Irene Heinrich, Philine Schiewe and Constantin Seebach<br><em>Algorithms and Hardness for Non-Pool-Based Line Planning<\/em><\/li><li>Ralf Bornd\u00f6rfer, Fabian Danecker and Martin Weiser<br><em>A Discrete-Continuous Algorithm for Globally Optimal Free Flight Trajectory Optimization<\/em><\/li><li>Torsten Klug, Thomas Schlechte and Markus Reuther<br><em>Does Laziness Pay Off? &#8211; A Lazy-Constraint Approach to Timetabling<\/em><\/li><li>Julian Patzner, Ralf R\u00fcckert and Matthias M\u00fcller-Hannemann<br><em>Passenger-Aware Real-Time Planning of Short Turns to Reduce Delays in Public Transport<\/em><\/li><li>Hector Gatt, Jean-Marie Freche, Fabien Lehu\u00e9d\u00e9 and Arnaud Laurent<br><em>A bilevel model for the frequency setting problem<\/em><\/li><li>Enrico Bortoletto, Niels Lindner and Berenike Masing<br><em>Tropical Neighbourhood Search: A New Heuristic for Periodic Timetabling<\/em><\/li><li>Marco Blanco, Ralf Borndoerfer and Pedro Maristany de Las Casas<br><em>An A* Algorithm for Flight Planning based on Idealized Vertical Profiles<\/em><\/li><li>Vera Grafe, Alexander Schiewe and Anita Sch\u00f6bel<br><em>Delay Management with Integrated Decisions on the Vehicle Circulations<\/em><\/li><li>Spyros Kontogiannis, Paraskevi-Maria-Malevi Machaira, Andreas Paraskevopoulos and Christos Zaroliagis<br><em>REX: A Realistic Time-dependent Model for Multimodal Public Transport<\/em><\/li><li>Zuguang Gao, John R. Birge, Richard L.-Y. Chen and Maurice Cheung<br><em>Greedy Algorithms for the Freight Consolidation Problem<\/em><\/li><li>Moritz Potthoff and Jonas Sauer<br><em>Efficient Algorithms for Fully Multimodal Journey Planning<\/em><\/li><li>Rowan Hoogervorst, Evelien van der Hurk, Philine Schiewe, Anita Sch\u00f6bel and Reena Urban<br><em>The Edge Investment Problem: Upgrading Transit Line Segments with Multiple Investing Parties<\/em><\/li><li>Kosuke Kawazoe, Takuto Yamauchi and Kenji Tei<br><em>A formulation of MIP train rescheduling at terminals in bidirectional double-track lines with a moving block and ATO<\/em><\/li><li>Lukas Graf, Tobias Harks and Prashant Palkar<br><em>Dynamic Traffic Assignment for Electric Vehicles<\/em><\/li><\/ul>\n\n\n\n<h2 class=\"wp-block-heading\" id=\"cfp\">Call for Papers<\/h2>\n\n\n\n<p>ATMOS brings together researchers and practitioners who are interested in all aspects of algorithmic methods and models for transport optimization. The symposium provides a forum for the exchange and dissemination of new ideas and techniques. The aim of making transportation better gives rise to very complex and large-scale optimization problems requiring innovative solution techniques and ideas from algorithms, mathematical optimization, theoretical computer science, and operations research.<\/p>\n\n\n\n<h3 class=\"wp-block-heading\" id=\"paper-submission\">Paper Submission<\/h3>\n\n\n\n<p>Authors are invited to submit high-quality manuscripts reporting original unpublished research in the topics related to the symposium. Simultaneous submission to other journals or conferences with published proceedings is not allowed. By submitting a paper, the authors acknowledge that in case of acceptance at least one of the authors must register for ALGO\/ATMOS 2022 and present the paper.<br><br>Submissions must be in the form of a single PDF file prepared using the LaTeX OASIcs style file (<a href=\"https:\/\/submission.dagstuhl.de\/documentation\/authors\">https:\/\/submission.dagstuhl.de\/documentation\/authors<\/a>) and must be submitted electronically via the EasyChair submission system (<a href=\"https:\/\/easychair.org\/conferences\/?conf=atmos2022\">https:\/\/easychair.org\/conferences\/?conf=atmos2022<\/a>).<\/p>\n\n\n\n<p>ATMOS 2022 accepts two types of submissions, both of which will be reviewed with the same quality standards by the Program Committee.<br><br><strong>Regular paper submissions:<\/strong>&nbsp;A regular paper submission should clearly motivate the importance of the problem being addressed, discuss prior work and its relationship to the paper, explicitly and precisely state its key contributions, and outline the key technical ideas and methods used to achieve the main results. A regular paper submission should not exceed 12 pages including title page and abstract, but excluding references and an optional appendix. Authors should include all necessary details in their submission so that the Program Committee can judge the correctness, importance and originality of their work. Any material (e.g., proofs or experimental results) omitted (from the main part of 12 pages) due to space limitations can be put into the optional appendix, which will be read at the Program Committee&#8217;s discretion. Regular papers will be allotted up to 20 pages in the proceedings.<br><br><strong>Short paper submissions:<\/strong>&nbsp;A short paper submission may present preliminary results or work-in-progress on a specific topic. Authors should clearly motivate the importance of the problem being addressed, discuss prior work and its relationship to the paper, explicitly and precisely state the paper\u2019s key contributions, and outline the key technical ideas and methods used to achieve the main claims. A short paper submission should have at least 4 and at most 6 pages. Authors should provide sufficient details in their submission so that the Program Committee can judge the correctness, importance and originality of their work. Short papers will be allotted up to 6 pages in the proceedings.<\/p>\n\n\n\n<h3 class=\"wp-block-heading\" id=\"topics\">Topics<\/h3>\n\n\n\n<p>The symposium welcomes but is not limited to papers addressing the following topics:<\/p>\n\n\n\n<ul class=\"wp-block-list\"><li><strong>Congestion Modelling and Reduction<\/strong><\/li><li><strong>Crew and Duty Scheduling<\/strong><\/li><li><strong>Demand Forecasting<\/strong><\/li><li><strong>Delay Management<\/strong><\/li><li><strong>Design of Pricing Systems<\/strong><\/li><li><strong>Electromobility<\/strong><\/li><li><strong>Infrastructure Planning<\/strong><\/li><li><strong>Intelligent Transportation Systems<\/strong><\/li><li><strong>Models for User Behaviour<\/strong><\/li><li><strong>Line Planning<\/strong><\/li><li><strong>Mobile Applications for Transport<\/strong><\/li><li><strong>Mobility-as-a-Service<\/strong><\/li><li><strong>Multi-modal Transport Optimization<\/strong><\/li><li><strong>Routing and Platform Assignment<\/strong><\/li><li><strong>Route Planning in Road and Public Transit Networks<\/strong><\/li><li><strong>Rostering<\/strong><\/li><li><strong>Timetable Generation<\/strong><\/li><li><strong>Tourist Tour Planning<\/strong><\/li><li><strong>Traffic Guidance<\/strong><\/li><li><strong>Vehicle Scheduling<\/strong><\/li><\/ul>\n\n\n\n<p>The symposium welcomes but is not limited to papers applying and advancing the following techniques: Algorithmic Game Theory, Approximation Algorithms, Combinatorial Optimization, Graph and Network Algorithms, Heuristics and Meta-heuristics, Mathematical Programming, Methods for the Integration of Planning Stages, Online and Real-time Algorithms, Simulation Tools, Stochastic and Robust Optimization.<\/p>\n\n\n\n<h3 class=\"wp-block-heading\" id=\"awards\">Awards<\/h3>\n\n\n\n<p>There will be a&nbsp;Best Paper Award.<\/p>\n\n\n\n<h2 class=\"wp-block-heading\" id=\"committees\">Committees<\/h2>\n\n\n\n<h3 class=\"wp-block-heading\" id=\"program-chairs\">Program Committee Chairs<\/h3>\n\n\n\n<ul class=\"wp-block-list\"><li><a rel=\"noreferrer noopener\" href=\"http:\/\/www.mattiademidio.com\/\" target=\"_blank\"><strong>Mattia D&#8217;Emidio<\/strong><\/a>, University of L&#8217;Aquila, Italy<\/li><li><a rel=\"noreferrer noopener\" href=\"https:\/\/www.zib.de\/lindner\/\" target=\"_blank\"><strong>Niels Lindner<\/strong><\/a>, Zuse Institute Berlin, Germany<\/li><\/ul>\n\n\n\n<h3 class=\"wp-block-heading\" id=\"program-members\">Program Committee Members<\/h3>\n\n\n\n<ul class=\"wp-block-list\"><li>Bastian Amberg, FU Berlin, Germany<\/li><li>Moritz Baum, Apple Inc., USA<\/li><li>Nikola Be\u0161inovi\u0107, TU Delft, Netherlands<\/li><li>Valentina Cacchiani, University of Bologna, Italy<\/li><li><a href=\"https:\/\/sites.google.com\/site\/scicerone\/\" target=\"_blank\" rel=\"noreferrer noopener\">Serafino Cicerone<\/a>, University of L\u2019Aquila, Italy<\/li><li><a href=\"http:\/\/www-sop.inria.fr\/members\/David.Coudert\/index.shtml\" target=\"_blank\" rel=\"noreferrer noopener\">David Coudert<\/a>, INRIA and Universit\u00e9 C\u1ed1t\u00e9 d\u2019Azur, France<\/li><li><a href=\"https:\/\/cs.gssi.it\/gianlorenzo.dangelo\/\" target=\"_blank\" rel=\"noreferrer noopener\">Gianlorenzo D\u2019Angelo<\/a>, Gran Sasso Science Institute, Italy<\/li><li><a href=\"https:\/\/www2.mathematik.tu-darmstadt.de\/~disser\/\" target=\"_blank\" rel=\"noreferrer noopener\">Yann Disser<\/a>, TU Darmstadt, Germany<\/li><li><a href=\"https:\/\/www.f05.uni-stuttgart.de\/en\/faculty\/contactpersons\/Funke-00003\/\" target=\"_blank\" rel=\"noreferrer noopener\">Stefan Funke<\/a>, University of Stuttgart, Germany<\/li><li>Christian Liebchen, TH Wildau, Germany<\/li><li><a href=\"http:\/\/dke.maastrichtuniversity.nl\/matus.mihalak\/\" target=\"_blank\" rel=\"noreferrer noopener\">Mat\u00fa\u0161 Mihal\u00e1k<\/a>, Maastricht University, Netherlands<\/li><li><a href=\"https:\/\/www.stonybrook.edu\/commcms\/ams\/people\/_faculty_profiles\/mitchell.php\" target=\"_blank\" rel=\"noreferrer noopener\">Joseph S. B. Mitchell<\/a>, Stony Brook University, USA<\/li><li>Matthias M\u00fcller-Hannemann, MLU Halle-Wittenberg, Germany<\/li><li>Philine Schiewe, TU Kaiserslautern, Germany<\/li><li>Pieter Vansteenwegen, KU Leuven, Belgium<\/li><li><a href=\"https:\/\/www.ceid.upatras.gr\/webpages\/faculty\/zaro\/\" target=\"_blank\" rel=\"noreferrer noopener\">Christos Zaroliagis<\/a>, CTI and University of Patras, Greece<\/li><\/ul>\n\n\n\n<h2 class=\"wp-block-heading\" id=\"proceedings\">Proceedings<\/h2>\n\n\n\n<p>The proceedings of ATMOS 2022 will be published online and as open-access in the&nbsp;<a href=\"https:\/\/www.dagstuhl.de\/en\/publications\/oasics\">Dagstuhl Open Access Series in Informatics<\/a>.<\/p>\n","protected":false},"excerpt":{"rendered":"<p>Scope The Symposium on Algorithmic Approaches for Transportation Modelling, Optimization, and Systems (ATMOS) is an international forum for researchers in the area of algorithms and optimization methods to facilitate planning and operational management of freight and passenger transportation and traffic. It is part of ALGO, the major European event for researchers, students and practitioners in &hellip; <\/p>\n<p class=\"link-more\"><a href=\"https:\/\/algo-conference.org\/2022\/atmos\/\" class=\"more-link\">Read more<span class=\"screen-reader-text\"> &#8220;ATMOS 2022&#8221;<\/span><\/a><\/p>\n","protected":false},"author":12,"featured_media":0,"parent":0,"menu_order":0,"comment_status":"closed","ping_status":"closed","template":"","meta":{"footnotes":""},"class_list":["post-17","page","type-page","status-publish","hentry"],"_links":{"self":[{"href":"https:\/\/algo-conference.org\/2022\/wp-json\/wp\/v2\/pages\/17","targetHints":{"allow":["GET"]}}],"collection":[{"href":"https:\/\/algo-conference.org\/2022\/wp-json\/wp\/v2\/pages"}],"about":[{"href":"https:\/\/algo-conference.org\/2022\/wp-json\/wp\/v2\/types\/page"}],"author":[{"embeddable":true,"href":"https:\/\/algo-conference.org\/2022\/wp-json\/wp\/v2\/users\/12"}],"replies":[{"embeddable":true,"href":"https:\/\/algo-conference.org\/2022\/wp-json\/wp\/v2\/comments?post=17"}],"version-history":[{"count":25,"href":"https:\/\/algo-conference.org\/2022\/wp-json\/wp\/v2\/pages\/17\/revisions"}],"predecessor-version":[{"id":1117,"href":"https:\/\/algo-conference.org\/2022\/wp-json\/wp\/v2\/pages\/17\/revisions\/1117"}],"wp:attachment":[{"href":"https:\/\/algo-conference.org\/2022\/wp-json\/wp\/v2\/media?parent=17"}],"curies":[{"name":"wp","href":"https:\/\/api.w.org\/{rel}","templated":true}]}}